{"id":44,"date":"2022-03-10T07:02:59","date_gmt":"2022-03-10T06:02:59","guid":{"rendered":"https:\/\/www.ustajeni-stirin.cz\/?page_id=44"},"modified":"2022-07-17T17:43:19","modified_gmt":"2022-07-17T15:43:19","slug":"fotoalbum","status":"publish","type":"page","link":"https:\/\/www.ustajeni-stirin.cz\/index.php\/fotoalbum\/","title":{"rendered":"Fotoalbum"},"content":{"rendered":"<p>&nbsp;<\/p>\n<div id='gallery-1' class='gallery galleryid-44 gallery-columns-3 gallery-size-thumbnail'><figure class='gallery-item'>\n\t\t\t<div class='gallery-icon portrait'>\n\t\t\t\t<a href='https:\/\/www.ustajeni-stirin.cz\/index.php\/fotoalbum\/krmici_oplutky\/'><img loading=\"lazy\" decoding=\"async\" width=\"150\" height=\"150\" src=\"https:\/\/www.ustajeni-stirin.cz\/wp-content\/uploads\/2022\/03\/krmici_oplutky-150x150.jpg\" class=\"attachment-thumbnail size-thumbnail\" alt=\"Opl\u016ftky pro individu\u00e1ln\u00ed krmen\u00ed\" aria-describedby=\"gallery-1-117\" \/><\/a>\n\t\t\t<\/div>\n\t\t\t\t<figcaption class='wp-caption-text gallery-caption' id='gallery-1-117'>\n\t\t\t\tOpl\u016ftky pro individu\u00e1ln\u00ed krmen\u00ed\n\t\t\t\t<\/figcaption><\/figure><figure class='gallery-item'>\n\t\t\t<div class='gallery-icon portrait'>\n\t\t\t\t<a href='https:\/\/www.ustajeni-stirin.cz\/index.php\/fotoalbum\/stirin-leto\/'><img loading=\"lazy\" decoding=\"async\" width=\"150\" height=\"150\" src=\"https:\/\/www.ustajeni-stirin.cz\/wp-content\/uploads\/2022\/07\/stirin-leto-150x150.jpg\" class=\"attachment-thumbnail size-thumbnail\" alt=\"Zpevn\u011bn\u00e9 ust\u00e1jen\u00ed\" aria-describedby=\"gallery-1-140\" \/><\/a>\n\t\t\t<\/div>\n\t\t\t\t<figcaption class='wp-caption-text gallery-caption' id='gallery-1-140'>\n\t\t\t\tHorn\u00ed v\u00fdb\u011bh se zpevn\u011bn\u00edm a p\u0159\u00edst\u0159e\u0161kem\n\t\t\t\t<\/figcaption><\/figure><figure class='gallery-item'>\n\t\t\t<div class='gallery-icon landscape'>\n\t\t\t\t<a href='https:\/\/www.ustajeni-stirin.cz\/index.php\/fotoalbum\/stirin_2020a-2\/'><img loading=\"lazy\" decoding=\"async\" width=\"150\" height=\"150\" src=\"https:\/\/www.ustajeni-stirin.cz\/wp-content\/uploads\/2022\/03\/stirin_2020a-1-150x150.jpg\" class=\"attachment-thumbnail size-thumbnail\" alt=\"\" aria-describedby=\"gallery-1-113\" \/><\/a>\n\t\t\t<\/div>\n\t\t\t\t<figcaption class='wp-caption-text gallery-caption' id='gallery-1-113'>\n\t\t\t\tOdpo\u010dinek, horn\u00ed louka\n\t\t\t\t<\/figcaption><\/figure><figure class='gallery-item'>\n\t\t\t<div class='gallery-icon landscape'>\n\t\t\t\t<a href='https:\/\/www.ustajeni-stirin.cz\/index.php\/fotoalbum\/img_20200310_083814_1\/'><img loading=\"lazy\" decoding=\"async\" width=\"150\" height=\"150\" src=\"https:\/\/www.ustajeni-stirin.cz\/wp-content\/uploads\/2022\/03\/IMG_20200310_083814_1-150x150.jpg\" class=\"attachment-thumbnail size-thumbnail\" alt=\"hracickove\" aria-describedby=\"gallery-1-97\" \/><\/a>\n\t\t\t<\/div>\n\t\t\t\t<figcaption class='wp-caption-text gallery-caption' id='gallery-1-97'>\n\t\t\t\tHra\u010di\u010dkov\u00e9, horn\u00ed louka\n\t\t\t\t<\/figcaption><\/figure><figure class='gallery-item'>\n\t\t\t<div class='gallery-icon landscape'>\n\t\t\t\t<a href='https:\/\/www.ustajeni-stirin.cz\/index.php\/fotoalbum\/pastvina_kuklik_2\/'><img loading=\"lazy\" decoding=\"async\" width=\"150\" height=\"150\" src=\"https:\/\/www.ustajeni-stirin.cz\/wp-content\/uploads\/2022\/03\/pastvina_kuklik_2-150x150.jpg\" class=\"attachment-thumbnail size-thumbnail\" alt=\"Pastvina Kukl\u00edk\" aria-describedby=\"gallery-1-119\" \/><\/a>\n\t\t\t<\/div>\n\t\t\t\t<figcaption class='wp-caption-text gallery-caption' id='gallery-1-119'>\n\t\t\t\tPastvina Kukl\u00edk\n\t\t\t\t<\/figcaption><\/figure><figure class='gallery-item'>\n\t\t\t<div class='gallery-icon portrait'>\n\t\t\t\t<a href='https:\/\/www.ustajeni-stirin.cz\/index.php\/fotoalbum\/pastvinykuklik-3\/'><img loading=\"lazy\" decoding=\"async\" width=\"150\" height=\"150\" src=\"https:\/\/www.ustajeni-stirin.cz\/wp-content\/uploads\/2022\/03\/pastvinykuklik-3-150x150.jpg\" class=\"attachment-thumbnail size-thumbnail\" alt=\"\" aria-describedby=\"gallery-1-125\" \/><\/a>\n\t\t\t<\/div>\n\t\t\t\t<figcaption class='wp-caption-text gallery-caption' id='gallery-1-125'>\n\t\t\t\tPastvina Kukl\u00edk\n\t\t\t\t<\/figcaption><\/figure><figure class='gallery-item'>\n\t\t\t<div class='gallery-icon landscape'>\n\t\t\t\t<a href='https:\/\/www.ustajeni-stirin.cz\/index.php\/fotoalbum\/pastvina_kuklik_1\/'><img loading=\"lazy\" decoding=\"async\" width=\"150\" height=\"150\" src=\"https:\/\/www.ustajeni-stirin.cz\/wp-content\/uploads\/2022\/03\/pastvina_kuklik_1-150x150.jpg\" class=\"attachment-thumbnail size-thumbnail\" alt=\"Pastvina Kukl\u00edk\" aria-describedby=\"gallery-1-118\" \/><\/a>\n\t\t\t<\/div>\n\t\t\t\t<figcaption class='wp-caption-text gallery-caption' id='gallery-1-118'>\n\t\t\t\tPastvina Kukl\u00edk\n\t\t\t\t<\/figcaption><\/figure><figure class='gallery-item'>\n\t\t\t<div class='gallery-icon landscape'>\n\t\t\t\t<a href='https:\/\/www.ustajeni-stirin.cz\/index.php\/fotoalbum\/13243996_10209335415080794_2457465691566055576_o\/'><img loading=\"lazy\" decoding=\"async\" width=\"150\" height=\"150\" src=\"https:\/\/www.ustajeni-stirin.cz\/wp-content\/uploads\/2022\/03\/13243996_10209335415080794_2457465691566055576_o-150x150.jpg\" class=\"attachment-thumbnail size-thumbnail\" alt=\"Krmen\u00ed\" aria-describedby=\"gallery-1-82\" \/><\/a>\n\t\t\t<\/div>\n\t\t\t\t<figcaption class='wp-caption-text gallery-caption' id='gallery-1-82'>\n\t\t\t\tKrmen\u00ed, doln\u00ed v\u00fdb\u011bh\n\t\t\t\t<\/figcaption><\/figure><figure class='gallery-item'>\n\t\t\t<div class='gallery-icon portrait'>\n\t\t\t\t<a href='https:\/\/www.ustajeni-stirin.cz\/index.php\/fotoalbum\/126944710_10217239003278573_3181283631652902388_n\/'><img loading=\"lazy\" decoding=\"async\" width=\"150\" height=\"150\" src=\"https:\/\/www.ustajeni-stirin.cz\/wp-content\/uploads\/2022\/03\/126944710_10217239003278573_3181283631652902388_n-150x150.jpg\" class=\"attachment-thumbnail size-thumbnail\" alt=\"Podzim\" aria-describedby=\"gallery-1-84\" \/><\/a>\n\t\t\t<\/div>\n\t\t\t\t<figcaption class='wp-caption-text gallery-caption' id='gallery-1-84'>\n\t\t\t\tPodzim, doln\u00ed v\u00fdb\u011bh\n\t\t\t\t<\/figcaption><\/figure><figure class='gallery-item'>\n\t\t\t<div class='gallery-icon portrait'>\n\t\t\t\t<a href='https:\/\/www.ustajeni-stirin.cz\/index.php\/fotoalbum\/pastvinapodvybehem\/'><img loading=\"lazy\" decoding=\"async\" width=\"150\" height=\"150\" src=\"https:\/\/www.ustajeni-stirin.cz\/wp-content\/uploads\/2022\/03\/pastvinapodvybehem-150x150.jpg\" class=\"attachment-thumbnail size-thumbnail\" alt=\"\" aria-describedby=\"gallery-1-124\" \/><\/a>\n\t\t\t<\/div>\n\t\t\t\t<figcaption class='wp-caption-text gallery-caption' id='gallery-1-124'>\n\t\t\t\tPastvina pod v\u00fdb\u011bhy\n\t\t\t\t<\/figcaption><\/figure><figure class='gallery-item'>\n\t\t\t<div class='gallery-icon portrait'>\n\t\t\t\t<a href='https:\/\/www.ustajeni-stirin.cz\/index.php\/fotoalbum\/vzime3\/'><img loading=\"lazy\" decoding=\"async\" width=\"150\" height=\"150\" src=\"https:\/\/www.ustajeni-stirin.cz\/wp-content\/uploads\/2022\/03\/vzime3-150x150.jpg\" class=\"attachment-thumbnail size-thumbnail\" alt=\"\" aria-describedby=\"gallery-1-130\" \/><\/a>\n\t\t\t<\/div>\n\t\t\t\t<figcaption class='wp-caption-text gallery-caption' id='gallery-1-130'>\n\t\t\t\tZima, pohled na v\u00fdb\u011bhy s p\u0159\u00edst\u0159e\u0161ky\n\t\t\t\t<\/figcaption><\/figure><figure class='gallery-item'>\n\t\t\t<div class='gallery-icon landscape'>\n\t\t\t\t<a href='https:\/\/www.ustajeni-stirin.cz\/index.php\/fotoalbum\/stajzima-2\/'><img loading=\"lazy\" decoding=\"async\" width=\"150\" height=\"150\" src=\"https:\/\/www.ustajeni-stirin.cz\/wp-content\/uploads\/2022\/03\/stajzima-1-150x150.jpg\" class=\"attachment-thumbnail size-thumbnail\" alt=\"\" aria-describedby=\"gallery-1-111\" srcset=\"https:\/\/www.ustajeni-stirin.cz\/wp-content\/uploads\/2022\/03\/stajzima-1-150x150.jpg 150w, https:\/\/www.ustajeni-stirin.cz\/wp-content\/uploads\/2022\/03\/stajzima-1-300x300.jpg 300w, https:\/\/www.ustajeni-stirin.cz\/wp-content\/uploads\/2022\/03\/stajzima-1-768x768.jpg 768w, https:\/\/www.ustajeni-stirin.cz\/wp-content\/uploads\/2022\/03\/stajzima-1.jpg 843w\" sizes=\"auto, (max-width: 150px) 100vw, 150px\" \/><\/a>\n\t\t\t<\/div>\n\t\t\t\t<figcaption class='wp-caption-text gallery-caption' id='gallery-1-111'>\n\t\t\t\tZima\n\t\t\t\t<\/figcaption><\/figure><figure class='gallery-item'>\n\t\t\t<div class='gallery-icon landscape'>\n\t\t\t\t<a href='https:\/\/www.ustajeni-stirin.cz\/index.php\/fotoalbum\/zimni-postylka_2\/'><img loading=\"lazy\" decoding=\"async\" width=\"150\" height=\"150\" src=\"https:\/\/www.ustajeni-stirin.cz\/wp-content\/uploads\/2022\/03\/zimni-postylka_2-150x150.jpg\" class=\"attachment-thumbnail size-thumbnail\" alt=\"Zimn\u00ed post\u00fdlka ze sl\u00e1my\" aria-describedby=\"gallery-1-116\" \/><\/a>\n\t\t\t<\/div>\n\t\t\t\t<figcaption class='wp-caption-text gallery-caption' id='gallery-1-116'>\n\t\t\t\tZimn\u00ed \u201epost\u00fdlka\u201c, doln\u00ed v\u00fdb\u011bh\n\t\t\t\t<\/figcaption><\/figure><figure class='gallery-item'>\n\t\t\t<div class='gallery-icon portrait'>\n\t\t\t\t<a href='https:\/\/www.ustajeni-stirin.cz\/index.php\/fotoalbum\/zimni-postylka\/'><img loading=\"lazy\" decoding=\"async\" width=\"150\" height=\"150\" src=\"https:\/\/www.ustajeni-stirin.cz\/wp-content\/uploads\/2022\/03\/Zimni-postylka-150x150.jpg\" class=\"attachment-thumbnail size-thumbnail\" alt=\"Zimn\u00ed post\u00fdlka ze sl\u00e1my\" aria-describedby=\"gallery-1-114\" \/><\/a>\n\t\t\t<\/div>\n\t\t\t\t<figcaption class='wp-caption-text gallery-caption' id='gallery-1-114'>\n\t\t\t\tZimn\u00ed \u201epost\u00fdlka\u201c, doln\u00ed v\u00fdb\u011bh\n\t\t\t\t<\/figcaption><\/figure><figure class='gallery-item'>\n\t\t\t<div class='gallery-icon portrait'>\n\t\t\t\t<a href='https:\/\/www.ustajeni-stirin.cz\/index.php\/fotoalbum\/vzime\/'><img loading=\"lazy\" decoding=\"async\" width=\"150\" height=\"150\" src=\"https:\/\/www.ustajeni-stirin.cz\/wp-content\/uploads\/2022\/03\/vzime-150x150.jpg\" class=\"attachment-thumbnail size-thumbnail\" alt=\"\" aria-describedby=\"gallery-1-129\" \/><\/a>\n\t\t\t<\/div>\n\t\t\t\t<figcaption class='wp-caption-text gallery-caption' id='gallery-1-129'>\n\t\t\t\tZima, horn\u00ed v\u00fdb\u011bh\n\t\t\t\t<\/figcaption><\/figure><figure class='gallery-item'>\n\t\t\t<div class='gallery-icon landscape'>\n\t\t\t\t<a href='https:\/\/www.ustajeni-stirin.cz\/index.php\/fotoalbum\/vzim2\/'><img loading=\"lazy\" decoding=\"async\" width=\"150\" height=\"150\" src=\"https:\/\/www.ustajeni-stirin.cz\/wp-content\/uploads\/2022\/03\/vzim2-150x150.jpg\" class=\"attachment-thumbnail size-thumbnail\" alt=\"\" aria-describedby=\"gallery-1-128\" \/><\/a>\n\t\t\t<\/div>\n\t\t\t\t<figcaption class='wp-caption-text gallery-caption' id='gallery-1-128'>\n\t\t\t\tZima, horn\u00ed v\u00fdb\u011bh\n\t\t\t\t<\/figcaption><\/figure><figure class='gallery-item'>\n\t\t\t<div class='gallery-icon portrait'>\n\t\t\t\t<a href='https:\/\/www.ustajeni-stirin.cz\/index.php\/fotoalbum\/sedlovna-2\/'><img loading=\"lazy\" decoding=\"async\" width=\"150\" height=\"150\" src=\"https:\/\/www.ustajeni-stirin.cz\/wp-content\/uploads\/2022\/03\/sedlovna-1-150x150.jpg\" class=\"attachment-thumbnail size-thumbnail\" alt=\"\" aria-describedby=\"gallery-1-126\" \/><\/a>\n\t\t\t<\/div>\n\t\t\t\t<figcaption class='wp-caption-text gallery-caption' id='gallery-1-126'>\n\t\t\t\tSedlovna\n\t\t\t\t<\/figcaption><\/figure><figure class='gallery-item'>\n\t\t\t<div class='gallery-icon portrait'>\n\t\t\t\t<a href='https:\/\/www.ustajeni-stirin.cz\/index.php\/fotoalbum\/sedlovna\/'><img loading=\"lazy\" decoding=\"async\" width=\"150\" height=\"150\" src=\"https:\/\/www.ustajeni-stirin.cz\/wp-content\/uploads\/2022\/03\/sedlovna-150x150.jpg\" class=\"attachment-thumbnail size-thumbnail\" alt=\"sedlovna\" aria-describedby=\"gallery-1-85\" \/><\/a>\n\t\t\t<\/div>\n\t\t\t\t<figcaption class='wp-caption-text gallery-caption' id='gallery-1-85'>\n\t\t\t\tSedlovna\n\t\t\t\t<\/figcaption><\/figure>\n\t\t<\/div>\n\n","protected":false},"excerpt":{"rendered":"<p>&nbsp;<\/p>\n","protected":false},"author":1,"featured_media":0,"parent":0,"menu_order":0,"comment_status":"closed","ping_status":"closed","template":"","meta":{"footnotes":""},"class_list":["post-44","page","type-page","status-publish","hentry","entry"],"_links":{"self":[{"href":"https:\/\/www.ustajeni-stirin.cz\/index.php\/wp-json\/wp\/v2\/pages\/44","targetHints":{"allow":["GET"]}}],"collection":[{"href":"https:\/\/www.ustajeni-stirin.cz\/index.php\/wp-json\/wp\/v2\/pages"}],"about":[{"href":"https:\/\/www.ustajeni-stirin.cz\/index.php\/wp-json\/wp\/v2\/types\/page"}],"author":[{"embeddable":true,"href":"https:\/\/www.ustajeni-stirin.cz\/index.php\/wp-json\/wp\/v2\/users\/1"}],"replies":[{"embeddable":true,"href":"https:\/\/www.ustajeni-stirin.cz\/index.php\/wp-json\/wp\/v2\/comments?post=44"}],"version-history":[{"count":11,"href":"https:\/\/www.ustajeni-stirin.cz\/index.php\/wp-json\/wp\/v2\/pages\/44\/revisions"}],"predecessor-version":[{"id":141,"href":"https:\/\/www.ustajeni-stirin.cz\/index.php\/wp-json\/wp\/v2\/pages\/44\/revisions\/141"}],"wp:attachment":[{"href":"https:\/\/www.ustajeni-stirin.cz\/index.php\/wp-json\/wp\/v2\/media?parent=44"}],"curies":[{"name":"wp","href":"https:\/\/api.w.org\/{rel}","templated":true}]}}