{"id":19,"date":"2022-03-10T06:51:01","date_gmt":"2022-03-10T05:51:01","guid":{"rendered":"https:\/\/www.ustajeni-stirin.cz\/?page_id=19"},"modified":"2022-03-10T14:42:53","modified_gmt":"2022-03-10T13:42:53","slug":"kontakt","status":"publish","type":"page","link":"https:\/\/www.ustajeni-stirin.cz\/index.php\/kontakt\/","title":{"rendered":"Kontakt"},"content":{"rendered":"<h3>M\u00e1te dotazy? Chcete se p\u0159ijet pod\u00edvat? Nev\u00e1hejte zavolat.<\/h3>\n<p><strong>Majitelka a provozovatelka st\u00e1je:<\/strong><br \/>\nKate\u0159ina Hub\u00e1\u010dkov\u00e1<br \/>\ntel. + 420 724 064 012<\/p>\n","protected":false},"excerpt":{"rendered":"<p>M\u00e1te dotazy? Chcete se p\u0159ijet pod\u00edvat? Nev\u00e1hejte zavolat. Majitelka a provozovatelka st\u00e1je: Kate\u0159ina Hub\u00e1\u010dkov\u00e1 tel. + 420 724 064 012<\/p>\n","protected":false},"author":1,"featured_media":0,"parent":0,"menu_order":0,"comment_status":"closed","ping_status":"closed","template":"","meta":{"footnotes":""},"class_list":["post-19","page","type-page","status-publish","hentry","entry"],"_links":{"self":[{"href":"https:\/\/www.ustajeni-stirin.cz\/index.php\/wp-json\/wp\/v2\/pages\/19","targetHints":{"allow":["GET"]}}],"collection":[{"href":"https:\/\/www.ustajeni-stirin.cz\/index.php\/wp-json\/wp\/v2\/pages"}],"about":[{"href":"https:\/\/www.ustajeni-stirin.cz\/index.php\/wp-json\/wp\/v2\/types\/page"}],"author":[{"embeddable":true,"href":"https:\/\/www.ustajeni-stirin.cz\/index.php\/wp-json\/wp\/v2\/users\/1"}],"replies":[{"embeddable":true,"href":"https:\/\/www.ustajeni-stirin.cz\/index.php\/wp-json\/wp\/v2\/comments?post=19"}],"version-history":[{"count":6,"href":"https:\/\/www.ustajeni-stirin.cz\/index.php\/wp-json\/wp\/v2\/pages\/19\/revisions"}],"predecessor-version":[{"id":108,"href":"https:\/\/www.ustajeni-stirin.cz\/index.php\/wp-json\/wp\/v2\/pages\/19\/revisions\/108"}],"wp:attachment":[{"href":"https:\/\/www.ustajeni-stirin.cz\/index.php\/wp-json\/wp\/v2\/media?parent=19"}],"curies":[{"name":"wp","href":"https:\/\/api.w.org\/{rel}","templated":true}]}}