{"id":17,"date":"2022-03-10T06:50:42","date_gmt":"2022-03-10T05:50:42","guid":{"rendered":"https:\/\/www.ustajeni-stirin.cz\/?page_id=17"},"modified":"2024-02-15T14:05:43","modified_gmt":"2024-02-15T13:05:43","slug":"cenik","status":"publish","type":"page","link":"https:\/\/www.ustajeni-stirin.cz\/index.php\/cenik\/","title":{"rendered":"Cen\u00edk"},"content":{"rendered":"<p><strong>Cena za m\u011bs\u00edc:<\/strong> 5 500 K\u010d<\/p>\n<p><strong>Cena zahrnuje:<\/strong> objemov\u00e9 krmivo (seno, sen\u00e1\u017e, sl\u00e1ma \u010di pastva podle sez\u00f3ny), nezbytn\u00e9 dekov\u00e1n\u00ed (sta\u0159\u00ed, huben\u00ed kon\u011b, kon\u011b se zdravotn\u00edmi probl\u00e9my), v p\u0159\u00edpad\u011b pot\u0159eby z\u00e1kladn\u00ed o\u0161et\u0159en\u00ed, pravideln\u00e1 kontrola, miner\u00e1ln\u00ed liz (v\u00edce druh\u016f), denn\u00ed kyd\u00e1n\u00ed, vyu\u017e\u00edv\u00e1n\u00ed sedlovny.<\/p>\n<p><strong>Za p\u0159\u00edplatek:<\/strong><\/p>\n<ul>\n<li><strong>P\u0159ikrmov\u00e1n\u00ed jadrn\u00fdm krmivem 1 x denn\u011b:<\/strong> 500 K\u010d\/m\u011bs\u00ed\u010dn\u011b (krmivo zaji\u0161\u0165uje majitel kon\u011b)<\/li>\n<li><strong>P\u0159ikrmov\u00e1n\u00ed jadrn\u00fdm krmivem 2 x denn\u011b:<\/strong> 1 000 K\u010d\/m\u011bs\u00ed\u010dn\u011b (krmivo zaji\u0161\u0165uje majitel kon\u011b)<\/li>\n<li><strong>Asistence u kov\u00e1n\u00ed:<\/strong> 100 K\u010d\/k\u016f\u0148<\/li>\n<li><strong>Asistence u pl\u00e1novan\u00e9ho veterin\u00e1rn\u00edho z\u00e1kroku:<\/strong> 100 K\u010d\/za zapo\u010dat\u00fdch 0,5 hod.<\/li>\n<li><strong>Dlouhodob\u00e9 pod\u00e1v\u00e1n\u00ed l\u00e9k\u016f (pokud se nep\u0159id\u00e1vaj\u00ed do krmiva):<\/strong> dle intenzity od 100 K\u010d t\u00fddn\u011b<\/li>\n<li><strong>Um\u00edst\u011bn\u00ed kon\u011b v odd\u011blen\u00e9m v\u00fdb\u011bhu na zpevn\u011bn\u00e9m povrchu <\/strong>(mo\u017en\u00e9 pouze ze zdravotn\u00edch d\u016fvod\u016f): 2 000 K\u010d\/m\u011bs\u00ed\u010dn\u011b (2 500 K\u010d\/m\u011bs\u00ed\u010dn\u011b, pokud je po\u017eadov\u00e1na podest\u00fdlka)<\/li>\n<\/ul>\n","protected":false},"excerpt":{"rendered":"<p>Cena za m\u011bs\u00edc: 5 500 K\u010d Cena zahrnuje: objemov\u00e9 krmivo (seno, sen\u00e1\u017e, sl\u00e1ma \u010di pastva podle sez\u00f3ny), nezbytn\u00e9 dekov\u00e1n\u00ed (sta\u0159\u00ed, huben\u00ed kon\u011b, kon\u011b se zdravotn\u00edmi&#8230;<\/p>\n<div class=\"more-link-wrapper\"><a class=\"more-link\" href=\"https:\/\/www.ustajeni-stirin.cz\/index.php\/cenik\/\">Continue Reading<span class=\"screen-reader-text\">Cen\u00edk<\/span><\/a><\/div>\n","protected":false},"author":1,"featured_media":0,"parent":0,"menu_order":0,"comment_status":"closed","ping_status":"closed","template":"","meta":{"footnotes":""},"class_list":["post-17","page","type-page","status-publish","hentry","entry"],"_links":{"self":[{"href":"https:\/\/www.ustajeni-stirin.cz\/index.php\/wp-json\/wp\/v2\/pages\/17","targetHints":{"allow":["GET"]}}],"collection":[{"href":"https:\/\/www.ustajeni-stirin.cz\/index.php\/wp-json\/wp\/v2\/pages"}],"about":[{"href":"https:\/\/www.ustajeni-stirin.cz\/index.php\/wp-json\/wp\/v2\/types\/page"}],"author":[{"embeddable":true,"href":"https:\/\/www.ustajeni-stirin.cz\/index.php\/wp-json\/wp\/v2\/users\/1"}],"replies":[{"embeddable":true,"href":"https:\/\/www.ustajeni-stirin.cz\/index.php\/wp-json\/wp\/v2\/comments?post=17"}],"version-history":[{"count":11,"href":"https:\/\/www.ustajeni-stirin.cz\/index.php\/wp-json\/wp\/v2\/pages\/17\/revisions"}],"predecessor-version":[{"id":156,"href":"https:\/\/www.ustajeni-stirin.cz\/index.php\/wp-json\/wp\/v2\/pages\/17\/revisions\/156"}],"wp:attachment":[{"href":"https:\/\/www.ustajeni-stirin.cz\/index.php\/wp-json\/wp\/v2\/media?parent=17"}],"curies":[{"name":"wp","href":"https:\/\/api.w.org\/{rel}","templated":true}]}}