{"id":143,"date":"2023-10-23T17:54:25","date_gmt":"2023-10-23T15:54:25","guid":{"rendered":"https:\/\/www.ustajeni-stirin.cz\/?page_id=143"},"modified":"2023-10-23T18:10:48","modified_gmt":"2023-10-23T16:10:48","slug":"reference","status":"publish","type":"page","link":"https:\/\/www.ustajeni-stirin.cz\/index.php\/reference\/","title":{"rendered":"Reference"},"content":{"rendered":"<blockquote><p><em>Na \u0160ti\u0159\u00edn\u011b m\u00e1m ust\u00e1jenou kobylku ji\u017e 13 let. Za tu dobu st\u00e1j pro\u0161la n\u00e1dhern\u00fdmi zm\u011bnami\ud83d\ude42 M\u00e1me v\u0161ude zpevn\u011bn\u00e9 plochy, nemrznouc\u00ed nap\u00e1je\u010dky, kr\u00e1sn\u00e9 p\u0159\u00edst\u0159esky a to nejlep\u0161\u00ed, co m\u00e1me je na\u0161e pan\u00ed majitelka Kate\u0159ina. Kon\u011b jsou pro ni v\u0161\u00edm a nikdy nic nebyl probl\u00e9m. M\u00e1m ka\u017ed\u00fd den klidn\u00e9 span\u00ed a spokojen\u00e9ho kon\u011b<\/em>\u2764\ufe0f<\/p>\n<p>Iveta a Gesinka<\/p><\/blockquote>\n<p>&nbsp;<\/p>\n<blockquote><p><em>Je pro m\u011b d\u016fle\u017eit\u00e9, \u017ee m\u00e1m spokojen\u00e9ho kon\u00edka. Jsme tu 6 let a nikam u\u017e se nechyst\u00e1me&#8230;<\/em><\/p>\n<p>Lucka a Kalvero<\/p><\/blockquote>\n<p>&nbsp;<\/p>\n<blockquote><p><em>V tomto ust\u00e1jen\u00ed jsme u\u017e deset let. Ne v\u017edy se na v\u0161em s ustajovatelkou Kate\u0159inou shodneme, ale v\u017edycky jsme se na v\u0161em dok\u00e1zaly domluvit. Ka\u010dka m\u00e1 kon\u011b opravdu r\u00e1da a ve st\u00e1ji je to vid\u011bt, st\u00e1le investuje do vylep\u0161ov\u00e1n\u00ed st\u00e1je a sna\u017e\u00ed se, aby se kon\u011b (i jejich majitel\u00e9) m\u011bli dob\u0159e. Individu\u00e1ln\u00ed p\u0159\u00edstup a schopnost vyj\u00edt vst\u0159\u00edc si cen\u00edm nejv\u00edc.<\/em><\/p>\n<p>So\u0148a a Kof\u00edk<\/p><\/blockquote>\n<p>&nbsp;<\/p>\n","protected":false},"excerpt":{"rendered":"<p>Na \u0160ti\u0159\u00edn\u011b m\u00e1m ust\u00e1jenou kobylku ji\u017e 13 let. Za tu dobu st\u00e1j pro\u0161la n\u00e1dhern\u00fdmi zm\u011bnami\ud83d\ude42 M\u00e1me v\u0161ude zpevn\u011bn\u00e9 plochy, nemrznouc\u00ed nap\u00e1je\u010dky, kr\u00e1sn\u00e9 p\u0159\u00edst\u0159esky a to&#8230;<\/p>\n<div class=\"more-link-wrapper\"><a class=\"more-link\" href=\"https:\/\/www.ustajeni-stirin.cz\/index.php\/reference\/\">Continue Reading<span class=\"screen-reader-text\">Reference<\/span><\/a><\/div>\n","protected":false},"author":1,"featured_media":0,"parent":0,"menu_order":4,"comment_status":"closed","ping_status":"closed","template":"","meta":{"footnotes":""},"class_list":["post-143","page","type-page","status-publish","hentry","entry"],"_links":{"self":[{"href":"https:\/\/www.ustajeni-stirin.cz\/index.php\/wp-json\/wp\/v2\/pages\/143","targetHints":{"allow":["GET"]}}],"collection":[{"href":"https:\/\/www.ustajeni-stirin.cz\/index.php\/wp-json\/wp\/v2\/pages"}],"about":[{"href":"https:\/\/www.ustajeni-stirin.cz\/index.php\/wp-json\/wp\/v2\/types\/page"}],"author":[{"embeddable":true,"href":"https:\/\/www.ustajeni-stirin.cz\/index.php\/wp-json\/wp\/v2\/users\/1"}],"replies":[{"embeddable":true,"href":"https:\/\/www.ustajeni-stirin.cz\/index.php\/wp-json\/wp\/v2\/comments?post=143"}],"version-history":[{"count":8,"href":"https:\/\/www.ustajeni-stirin.cz\/index.php\/wp-json\/wp\/v2\/pages\/143\/revisions"}],"predecessor-version":[{"id":152,"href":"https:\/\/www.ustajeni-stirin.cz\/index.php\/wp-json\/wp\/v2\/pages\/143\/revisions\/152"}],"wp:attachment":[{"href":"https:\/\/www.ustajeni-stirin.cz\/index.php\/wp-json\/wp\/v2\/media?parent=143"}],"curies":[{"name":"wp","href":"https:\/\/api.w.org\/{rel}","templated":true}]}}