{"id":14,"date":"2022-03-10T06:50:24","date_gmt":"2022-03-10T05:50:24","guid":{"rendered":"https:\/\/www.ustajeni-stirin.cz\/?page_id=14"},"modified":"2023-10-23T18:27:23","modified_gmt":"2023-10-23T16:27:23","slug":"volne-ustajeni-stirin","status":"publish","type":"page","link":"https:\/\/www.ustajeni-stirin.cz\/","title":{"rendered":"O ust\u00e1jen\u00ed"},"content":{"rendered":"<p style=\"text-align: left;\">Voln\u00e9 ust\u00e1jen\u00ed kon\u00ed ve \u0160ti\u0159\u00edn\u011b, cca 25 km od Prahy (okres Praha-v\u00fdchod). Do na\u0161eho pohodov\u00e9ho kolektivu p\u0159iv\u00edt\u00e1me nekonfliktn\u00ed majitele a kon\u011b (kobyly a valachy, pro h\u0159ebce nem\u00e1me podm\u00ednky). Ust\u00e1jen\u00ed je vhodn\u00e9 pro rekrea\u010dn\u00ed jezdce a kon\u011b, p\u0159\u00edpadn\u011b pro kon\u011b \u201ev d\u016fchodu\u201c.<\/p>\n<h2>Dv\u011b sm\u00ed\u0161en\u00e1 st\u00e1da<\/h2>\n<p>M\u00e1me dv\u011b sm\u00ed\u0161en\u00e1 st\u00e1da kon\u00ed, jedno st\u00e1do tvo\u0159\u00ed star\u0161\u00ed a h\u016f\u0159e krmiteln\u00ed kon\u011b, druh\u00e9 st\u00e1do mlad\u0161\u00ed z\u00e1\u017eivn\u00ed kon\u011b. Maxim\u00e1ln\u00ed kapacita st\u00e1je je 24 kon\u00ed.<\/p>\n<p>Ob\u011b st\u00e1da maj\u00ed k dispozici zpevn\u011bn\u00e9 plochy s p\u0159\u00edst\u0159e\u0161kem, krmi\u0161t\u011bm a nez\u00e1mrzn\u00fdmi hladinov\u00fdmi nap\u00e1je\u010dkami. Na zpevn\u011bnou plochu navazuj\u00ed v\u00fdb\u011bhy. V\u0161echny plochy jsou denn\u011b kyd\u00e1ny. Pro p\u0159\u00edpad onemocn\u011bn\u00ed je k dispozici zd\u011bn\u00e1 ma\u0161tal, kde lze v p\u0159\u00edpad\u011b pot\u0159eby z\u0159\u00eddit t\u0159i boxy.<\/p>\n<h2>Individu\u00e1ln\u00ed p\u0159\u00edstup ke krmen\u00ed<\/h2>\n<p>Mimo are\u00e1l m\u00e1me k dispozici cca 3,5 ha letn\u00edch pastvin, kde b\u011bhem pastevn\u00ed sezony pob\u00fdvaj\u00ed kon\u011b du\u0161n\u00ed a h\u016f\u0159e krmiteln\u00ed.<\/p>\n<p>Kon\u011b maj\u00ed celodenn\u00ed p\u0159\u00edstup k vod\u011b, objemov\u00e9mu krmivu (seno, sen\u00e1\u017e, sl\u00e1ma nebo pastva dle sez\u00f3ny) a miner\u00e1ln\u00edmu lizu. Krmen\u00ed jadrn\u00fdm krmivem (dod\u00e1v\u00e1 majitel kon\u011b) mo\u017en\u00e9 za p\u0159\u00edplatek. Ka\u017ed\u00fd p\u0159ikrmovan\u00fd k\u016f\u0148 je b\u011bhem krmen\u00ed od ostatn\u00edch kon\u00ed odd\u011blen, aby m\u011bl dostatek \u010dasu a klidu na konzumaci.<\/p>\n<h2>Handicapy nejsou p\u0159ek\u00e1\u017ekou&#8230;<\/h2>\n<p>Zdravotn\u00ed handicapy typu du\u0161nost, artr\u00f3za, ataxie, schv\u00e1cen\u00ed atp. nejsou p\u0159ek\u00e1\u017ekou, ale pokud k\u016f\u0148 vy\u017eaduje speci\u00e1ln\u00ed p\u00e9\u010di, nap\u0159. samostatn\u00fd box, p\u0159evazy, pravideln\u00e9 pod\u00e1v\u00e1n\u00ed l\u00e9k\u016f, kter\u00e9 nelze p\u0159idat do krmiva atd., projev\u00ed se to bohu\u017eel na <a href=\"https:\/\/www.ustajeni-stirin.cz\/index.php\/cenik\/\">cen\u011b<\/a> ust\u00e1jen\u00ed.<\/p>\n<p>Jak jsme tak\u00e9 zjistili, na n\u011bkter\u00e9 handicapy, nebo sp\u00ed\u0161 kombinace handicap\u016f, nem\u00e1me podm\u00ednky. Jsme schopni vyj\u00edt vst\u0159\u00edc r\u016fzn\u00fdm po\u017eadavk\u016fm, ale v n\u011bkter\u00fdch p\u0159\u00edpadech to nejde.<\/p>\n<h2>Pro jezdce<\/h2>\n<p>Pro jezdce je k dispozici sedlovna a WC. P\u00edskov\u00e1 j\u00edzd\u00e1rna (za drobn\u00fd poplatek) v sousedn\u00ed st\u00e1ji, cca 500 m od na\u0161eho are\u00e1lu. Jezdeck\u00e9 haly s mo\u017enost\u00ed pron\u00e1jmu v okruhu cca 4 km. Ve st\u00e1ji p\u016fsob\u00ed tren\u00e9rka. Provozn\u00ed doba are\u00e1lu: ka\u017ed\u00fd den od 8.00 do 20.00 (jinak po domluv\u011b).<\/p>\n<h2>Po majiteli kon\u011b (kon\u00ed) po\u017eadujeme:<\/h2>\n<ul>\n<li>Platebn\u00ed mor\u00e1lku.<\/li>\n<li>Slu\u0161n\u00e9 chov\u00e1n\u00ed ke kon\u00edm i k lidem.<\/li>\n<li>Udr\u017eov\u00e1n\u00ed po\u0159\u00e1dku ve st\u00e1ji a okol\u00ed a respekt k ostatn\u00edm u\u017eivatel\u016fm okoln\u00ed krajiny (turist\u00e9, sportovci, zem\u011bd\u011blci, lesn\u00edci).<\/li>\n<li>P\u00e9\u010di o zdravotn\u00ed stav sv\u00e9ho kon\u011b (kon\u00ed), tzn. aby byl k\u016f\u0148 (kon\u011b) pravideln\u011b o\u010dkov\u00e1n, pod dohledem kov\u00e1\u0159e \u010di podkov\u00e1\u0159e, v p\u0159\u00edpad\u011b zdravotn\u00edch probl\u00e9m\u016f pod dozorem veterin\u00e1\u0159e.<\/li>\n<li>Zaji\u0161t\u011bn\u00ed minim\u00e1ln\u011b jedn\u00e9 odpocovac\u00ed deky a jedn\u00e9 nepromokav\u00e9 deky (pl\u00e1\u0161t\u011bnky) \u2013 kon\u011b zpravidla nedekujeme, ale ze zku\u0161enost\u00ed v\u00edme, co v\u0161echno m\u016f\u017ee zp\u016fsobit extr\u00e9mn\u00ed po\u010das\u00ed\u2026<\/li>\n<li>Zaji\u0161t\u011bn\u00ed masky proti hmyzu (v l\u00e9t\u011b a pro p\u0159\u00edpad onemocn\u011bn\u00ed o\u010d\u00ed).<\/li>\n<\/ul>\n","protected":false},"excerpt":{"rendered":"<p>Voln\u00e9 ust\u00e1jen\u00ed kon\u00ed ve \u0160ti\u0159\u00edn\u011b, cca 25 km od Prahy (okres Praha-v\u00fdchod). Do na\u0161eho pohodov\u00e9ho kolektivu p\u0159iv\u00edt\u00e1me nekonfliktn\u00ed majitele a kon\u011b (kobyly a valachy, pro&#8230;<\/p>\n<div class=\"more-link-wrapper\"><a class=\"more-link\" href=\"https:\/\/www.ustajeni-stirin.cz\/\">Continue Reading<span class=\"screen-reader-text\">O ust\u00e1jen\u00ed<\/span><\/a><\/div>\n","protected":false},"author":1,"featured_media":0,"parent":0,"menu_order":0,"comment_status":"closed","ping_status":"closed","template":"","meta":{"footnotes":""},"class_list":["post-14","page","type-page","status-publish","hentry","entry"],"_links":{"self":[{"href":"https:\/\/www.ustajeni-stirin.cz\/index.php\/wp-json\/wp\/v2\/pages\/14","targetHints":{"allow":["GET"]}}],"collection":[{"href":"https:\/\/www.ustajeni-stirin.cz\/index.php\/wp-json\/wp\/v2\/pages"}],"about":[{"href":"https:\/\/www.ustajeni-stirin.cz\/index.php\/wp-json\/wp\/v2\/types\/page"}],"author":[{"embeddable":true,"href":"https:\/\/www.ustajeni-stirin.cz\/index.php\/wp-json\/wp\/v2\/users\/1"}],"replies":[{"embeddable":true,"href":"https:\/\/www.ustajeni-stirin.cz\/index.php\/wp-json\/wp\/v2\/comments?post=14"}],"version-history":[{"count":27,"href":"https:\/\/www.ustajeni-stirin.cz\/index.php\/wp-json\/wp\/v2\/pages\/14\/revisions"}],"predecessor-version":[{"id":153,"href":"https:\/\/www.ustajeni-stirin.cz\/index.php\/wp-json\/wp\/v2\/pages\/14\/revisions\/153"}],"wp:attachment":[{"href":"https:\/\/www.ustajeni-stirin.cz\/index.php\/wp-json\/wp\/v2\/media?parent=14"}],"curies":[{"name":"wp","href":"https:\/\/api.w.org\/{rel}","templated":true}]}}